{"id":7,"date":"2023-08-28T07:26:47","date_gmt":"2023-08-28T07:26:47","guid":{"rendered":"http:\/\/www.jcomedia.es\/?page_id=7"},"modified":"2024-10-01T14:42:08","modified_gmt":"2024-10-01T14:42:08","slug":"home","status":"publish","type":"page","link":"https:\/\/www.jcomedia.es\/","title":{"rendered":"Home"},"content":{"rendered":"\n<div class=\"wp-block-cover alignfull has-medium-font-size\" style=\"min-height:566px;aspect-ratio:unset;\"><span aria-hidden=\"true\" class=\"wp-block-cover__background has-background-dim-80 has-background-dim wp-block-cover__gradient-background has-background-gradient\" style=\"background:linear-gradient(135deg,rgb(2,3,129) 0%,rgb(2,15,162) 34%,rgb(40,116,252) 69%,rgb(140,198,255) 100%)\"><\/span><img loading=\"lazy\" decoding=\"async\" width=\"2560\" height=\"1920\" class=\"wp-block-cover__image-background wp-image-100\" alt=\"\" src=\"https:\/\/www.jcomedia.es\/wp-content\/uploads\/2024\/02\/pexels-francesco-ungaro-3361052-scaled.jpg\" style=\"object-position:23% 12%\" data-object-fit=\"cover\" data-object-position=\"23% 12%\" srcset=\"https:\/\/www.jcomedia.es\/wp-content\/uploads\/2024\/02\/pexels-francesco-ungaro-3361052-scaled.jpg 2560w, https:\/\/www.jcomedia.es\/wp-content\/uploads\/2024\/02\/pexels-francesco-ungaro-3361052-300x225.jpg 300w, https:\/\/www.jcomedia.es\/wp-content\/uploads\/2024\/02\/pexels-francesco-ungaro-3361052-1024x768.jpg 1024w, https:\/\/www.jcomedia.es\/wp-content\/uploads\/2024\/02\/pexels-francesco-ungaro-3361052-768x576.jpg 768w, https:\/\/www.jcomedia.es\/wp-content\/uploads\/2024\/02\/pexels-francesco-ungaro-3361052-1536x1152.jpg 1536w, https:\/\/www.jcomedia.es\/wp-content\/uploads\/2024\/02\/pexels-francesco-ungaro-3361052-2048x1536.jpg 2048w\" sizes=\"auto, (max-width: 2560px) 100vw, 2560px\" \/><div class=\"wp-block-cover__inner-container is-layout-flow wp-block-cover-is-layout-flow\">\n<div class=\"inherit-container-width wp-block-group alignwide is-layout-constrained wp-block-group-is-layout-constrained\">\n<div class=\"wp-block-columns are-vertically-aligned-bottom is-layout-flex wp-container-core-columns-is-layout-28f84493 wp-block-columns-is-layout-flex\">\n<div class=\"wp-block-column is-layout-flow wp-block-column-is-layout-flow\" style=\"flex-basis:57%\">\n<h1 class=\"wp-block-heading has-text-align-left has-white-color has-text-color has-large-font-size\">Crece en Redes Sociales de forma Org\u00e1nica<\/h1>\n\n\n\n<p><strong>Te ayudamos <\/strong>a generar contenido para Reels de Instagram, TikTok y YouTube Shorts con potencial de <strong>viralizaci\u00f3n<\/strong>.<\/p>\n\n\n\n<h5 class=\"wp-block-heading\">Contacta con nosotros<\/h5>\n\n\n\n<div class=\"wp-block-buttons is-layout-flex wp-block-buttons-is-layout-flex\">\n<div class=\"wp-block-button\"><a class=\"wp-block-button__link wp-element-button\">info@jcomedia.es<\/a><\/div>\n<\/div>\n<\/div>\n<\/div>\n<\/div>\n<\/div><\/div>\n\n\n\n<div class=\"wp-block-group alignfull has-ast-global-color-5-background-color has-background is-layout-constrained wp-container-core-group-is-layout-9cedb757 wp-block-group-is-layout-constrained\" style=\"padding-bottom:0px\">\n<div class=\"wp-block-columns are-vertically-aligned-top is-layout-flex wp-container-core-columns-is-layout-00723822 wp-block-columns-is-layout-flex\">\n<div class=\"wp-block-column is-vertically-aligned-top is-layout-flow wp-container-core-column-is-layout-6b73ce23 wp-block-column-is-layout-flow\">\n<figure class=\"wp-block-image size-large\"><img decoding=\"async\" src=\"http:\/\/www.jcomedia.es\/wp-content\/themes\/astra\/inc\/assets\/images\/starter-content\/building.svg\" alt=\"\" class=\"wp-image-134\"\/><\/figure>\n\n\n\n<h3 class=\"wp-block-heading has-text-align-left\" style=\"margin-top:16px\">Barcelona<\/h3>\n\n\n\n<p class=\"has-text-align-left\">Estudiamos tu negocio y lo adaptamos al p\u00fablico de la ciudad condal<\/p>\n<\/div>\n\n\n\n<div class=\"wp-block-column is-vertically-aligned-top is-layout-flow wp-container-core-column-is-layout-6b73ce23 wp-block-column-is-layout-flow\">\n<figure class=\"wp-block-image size-large\"><img decoding=\"async\" src=\"http:\/\/www.jcomedia.es\/wp-content\/themes\/astra\/inc\/assets\/images\/starter-content\/shopping-bag.svg\" alt=\"\" class=\"wp-image-135\"\/><\/figure>\n\n\n\n<h3 class=\"wp-block-heading has-text-align-left\" style=\"margin-top:16px\">Nuevos clientes<\/h3>\n\n\n\n<p class=\"has-text-align-left\">Aprende a diferenciarte para crear confianza con el cliente a trav\u00e9s de contenido entretenido y din\u00e1mico<\/p>\n<\/div>\n\n\n\n<div class=\"wp-block-column is-vertically-aligned-top is-layout-flow wp-container-core-column-is-layout-6b73ce23 wp-block-column-is-layout-flow\">\n<figure class=\"wp-block-image size-large\"><img decoding=\"async\" src=\"http:\/\/www.jcomedia.es\/wp-content\/themes\/astra\/inc\/assets\/images\/starter-content\/blog.svg\" alt=\"\" class=\"wp-image-136\"\/><\/figure>\n\n\n\n<h3 class=\"wp-block-heading has-text-align-left\" style=\"margin-top:16px\">Gana Autoridad<\/h3>\n\n\n\n<p class=\"has-text-align-left\">Plantamos semillas que poco a poco aportar\u00e1n resultados de forma escalable<\/p>\n<\/div>\n\n\n\n<div class=\"wp-block-column is-vertically-aligned-top is-layout-flow wp-container-core-column-is-layout-6b73ce23 wp-block-column-is-layout-flow\">\n<figure class=\"wp-block-image size-large\"><img decoding=\"async\" src=\"http:\/\/www.jcomedia.es\/wp-content\/themes\/astra\/inc\/assets\/images\/starter-content\/portfolio.svg\" alt=\"\" class=\"wp-image-137\"\/><\/figure>\n\n\n\n<h3 class=\"wp-block-heading has-text-align-left\" style=\"margin-top:16px\">Hazte Famoso<\/h3>\n\n\n\n<p class=\"has-text-align-left\">\u00bfQuieres ser la cara de tu empresa? Todo el mundo te va a conocer por tu excelencia en tus servicios\/productos<\/p>\n<\/div>\n<\/div>\n<\/div>\n\n\n\n<div class=\"wp-block-group alignfull is-layout-constrained wp-container-core-group-is-layout-45b0ac4f wp-block-group-is-layout-constrained\" id=\"services\" style=\"padding-top:144px;padding-bottom:0px\">\n<h2 class=\"wp-block-heading\">\u00bfC\u00f3mo lo hacemos?<\/h2>\n\n\n\n<div class=\"wp-block-columns is-layout-flex wp-container-core-columns-is-layout-60cbf9bb wp-block-columns-is-layout-flex\" style=\"margin-top:50px\">\n<div class=\"wp-block-column is-layout-flow wp-container-core-column-is-layout-6b73ce23 wp-block-column-is-layout-flow\">\n<figure class=\"wp-block-image size-large\"><img loading=\"lazy\" decoding=\"async\" width=\"819\" height=\"1024\" src=\"https:\/\/www.jcomedia.es\/wp-content\/uploads\/2024\/02\/1-819x1024.png\" alt=\"\" class=\"wp-image-103\" srcset=\"https:\/\/www.jcomedia.es\/wp-content\/uploads\/2024\/02\/1-819x1024.png 819w, https:\/\/www.jcomedia.es\/wp-content\/uploads\/2024\/02\/1-240x300.png 240w, https:\/\/www.jcomedia.es\/wp-content\/uploads\/2024\/02\/1-768x960.png 768w, https:\/\/www.jcomedia.es\/wp-content\/uploads\/2024\/02\/1.png 1080w\" sizes=\"auto, (max-width: 819px) 100vw, 819px\" \/><\/figure>\n\n\n\n<h3 class=\"wp-block-heading\" style=\"margin-top:16px\">Optimizaci\u00f3n Redes Sociales<\/h3>\n\n\n\n<p>Establecemos acciones en las redes sociales para generar tr\u00e1fico a tu web o tienda f\u00edsica.<\/p>\n<\/div>\n\n\n\n<div class=\"wp-block-column is-layout-flow wp-container-core-column-is-layout-6b73ce23 wp-block-column-is-layout-flow\">\n<figure class=\"wp-block-image size-large\"><img loading=\"lazy\" decoding=\"async\" width=\"819\" height=\"1024\" src=\"https:\/\/www.jcomedia.es\/wp-content\/uploads\/2024\/02\/2-819x1024.png\" alt=\"\" class=\"wp-image-104\" srcset=\"https:\/\/www.jcomedia.es\/wp-content\/uploads\/2024\/02\/2-819x1024.png 819w, https:\/\/www.jcomedia.es\/wp-content\/uploads\/2024\/02\/2-240x300.png 240w, https:\/\/www.jcomedia.es\/wp-content\/uploads\/2024\/02\/2-768x960.png 768w, https:\/\/www.jcomedia.es\/wp-content\/uploads\/2024\/02\/2.png 1080w\" sizes=\"auto, (max-width: 819px) 100vw, 819px\" \/><\/figure>\n\n\n\n<h3 class=\"wp-block-heading\" style=\"margin-top:16px\">Creaci\u00f3n de Contenido<\/h3>\n\n\n\n<p>Creamos contenido \u00fatil y de calidad para el usuario. Conseguimos viralidad y establecemos tu marca en redes.<\/p>\n<\/div>\n\n\n\n<div class=\"wp-block-column is-layout-flow wp-container-core-column-is-layout-6b73ce23 wp-block-column-is-layout-flow\">\n<figure class=\"wp-block-image size-large\"><img loading=\"lazy\" decoding=\"async\" width=\"819\" height=\"1024\" src=\"https:\/\/www.jcomedia.es\/wp-content\/uploads\/2024\/02\/3-819x1024.png\" alt=\"\" class=\"wp-image-102\" srcset=\"https:\/\/www.jcomedia.es\/wp-content\/uploads\/2024\/02\/3-819x1024.png 819w, https:\/\/www.jcomedia.es\/wp-content\/uploads\/2024\/02\/3-240x300.png 240w, https:\/\/www.jcomedia.es\/wp-content\/uploads\/2024\/02\/3-768x960.png 768w, https:\/\/www.jcomedia.es\/wp-content\/uploads\/2024\/02\/3.png 1080w\" sizes=\"auto, (max-width: 819px) 100vw, 819px\" \/><\/figure>\n\n\n\n<h3 class=\"wp-block-heading\" style=\"margin-top:16px\">Anuncios Personalizados<\/h3>\n\n\n\n<p>Aprovechamos el potencial de los anuncios para llegar de forma directa a muchas personas.<\/p>\n<\/div>\n<\/div>\n<\/div>\n\n\n\n<div class=\"wp-block-group alignfull has-ast-global-color-4-background-color has-background is-layout-constrained wp-container-core-group-is-layout-6a2cfb7b wp-block-group-is-layout-constrained\" id=\"reviews\">\n<figure class=\"wp-block-image aligncenter size-full\"><img decoding=\"async\" src=\"http:\/\/www.jcomedia.es\/wp-content\/themes\/astra\/inc\/assets\/images\/starter-content\/avatar.png\" alt=\"\" class=\"wp-image-235\"\/><\/figure>\n\n\n\n<p class=\"has-text-align-center\" style=\"font-size:22px;line-height:1.6\">\u201cMe ha cambiado completamente la imagen de mi club de buceo, ahora viene toda la gente de la zona a mi centro. Muy contento!&#8221;<\/p>\n\n\n\n<p class=\"has-text-align-center\">Carlos Molina<\/p>\n<\/div>\n\n\n\n<div class=\"wp-block-group alignfull is-layout-constrained wp-container-core-group-is-layout-3fee123f wp-block-group-is-layout-constrained\" id=\"whyus\" style=\"padding-top:144px;padding-bottom:144px\">\n<h2 class=\"wp-block-heading\">Por qu\u00e9 escogernos<\/h2>\n\n\n\n<div class=\"wp-block-columns is-layout-flex wp-container-core-columns-is-layout-29aadeec wp-block-columns-is-layout-flex\" style=\"margin-top:60px\">\n<div class=\"wp-block-column is-layout-flow wp-container-core-column-is-layout-6b73ce23 wp-block-column-is-layout-flow\">\n<figure class=\"wp-block-image size-large\"><img decoding=\"async\" src=\"http:\/\/www.jcomedia.es\/wp-content\/themes\/astra\/inc\/assets\/images\/starter-content\/passionate.svg\" alt=\"\" class=\"wp-image-162\"\/><\/figure>\n\n\n\n<h3 class=\"wp-block-heading\" style=\"margin-top:16px\">Experiencia<\/h3>\n\n\n\n<p>+ 1M de seguidores en TikTok, + 130k seguidores en Instagram demuestran nuestro conocimiento.<\/p>\n<\/div>\n\n\n\n<div class=\"wp-block-column is-layout-flow wp-container-core-column-is-layout-6b73ce23 wp-block-column-is-layout-flow\">\n<figure class=\"wp-block-image size-large\"><img decoding=\"async\" src=\"http:\/\/www.jcomedia.es\/wp-content\/themes\/astra\/inc\/assets\/images\/starter-content\/professional.svg\" alt=\"\" class=\"wp-image-163\"\/><\/figure>\n\n\n\n<h3 class=\"wp-block-heading\" style=\"margin-top:16px\">Profesional<\/h3>\n\n\n\n<p>Seriedad y cercan\u00eda. No te dejaremos tirado\/a y buscaremos la mejor forma de asegurarte resultados.<\/p>\n<\/div>\n\n\n\n<div class=\"wp-block-column is-layout-flow wp-container-core-column-is-layout-6b73ce23 wp-block-column-is-layout-flow\">\n<figure class=\"wp-block-image size-large\"><img decoding=\"async\" src=\"http:\/\/www.jcomedia.es\/wp-content\/themes\/astra\/inc\/assets\/images\/starter-content\/support.svg\" alt=\"\" class=\"wp-image-164\"\/><\/figure>\n\n\n\n<h3 class=\"wp-block-heading\" style=\"margin-top:16px\">Soporte<\/h3>\n\n\n\n<p>Hacemos un seguimiento semanal para comprobar que los objetivos se cumplen. Comunicaci\u00f3n \u00e1gil y fluida.<\/p>\n<\/div>\n<\/div>\n<\/div>\n\n\n\n<div class=\"wp-block-group alignfull has-background is-layout-constrained wp-container-core-group-is-layout-cfcca693 wp-block-group-is-layout-constrained\" id=\"contact\" style=\"background:linear-gradient(35deg,rgb(6,0,151) 0%,rgb(130,4,255) 64%,rgb(193,15,255) 98%);padding-top:104px;padding-bottom:104px\">\n<h2 class=\"wp-block-heading has-text-align-center has-text-color\" style=\"color:#ffffff\">Es hora de ganar. \u00a1Contacta!<\/h2>\n\n\n\n<div class=\"wp-block-buttons alignwide is-horizontal is-content-justification-center is-layout-flex wp-container-core-buttons-is-layout-bba8380a wp-block-buttons-is-layout-flex\" style=\"margin-top:50px\">\n<div class=\"wp-block-button\"><a class=\"wp-block-button__link wp-element-button\">info@jcomedia.es<\/a><\/div>\n<\/div>\n<\/div>\n","protected":false},"excerpt":{"rendered":"<p>Barcelona Estudiamos tu negocio y lo adaptamos al p\u00fablico de la ciudad condal Nuevos clientes Aprende a diferenciarte para crear confianza con el cliente a trav\u00e9s de contenido entretenido y din\u00e1mico Gana Autoridad Plantamos semillas que poco a poco aportar\u00e1n resultados de forma escalable Hazte Famoso \u00bfQuieres ser la cara de tu empresa? Todo el [&hellip;]<\/p>\n","protected":false},"author":1,"featured_media":0,"parent":0,"menu_order":0,"comment_status":"closed","ping_status":"closed","template":"","meta":{"site-sidebar-layout":"no-sidebar","site-content-layout":"plain-container","ast-site-content-layout":"default","site-content-style":"default","site-sidebar-style":"default","ast-global-header-display":"","ast-banner-title-visibility":"","ast-main-header-display":"","ast-hfb-above-header-display":"","ast-hfb-below-header-display":"","ast-hfb-mobile-header-display":"","site-post-title":"disabled","ast-breadcrumbs-content":"","ast-featured-img":"","footer-sml-layout":"","ast-disable-related-posts":"","theme-transparent-header-meta":"enabled","adv-header-id-meta":"","stick-header-meta":"","header-above-stick-meta":"","header-main-stick-meta":"","header-below-stick-meta":"","astra-migrate-meta-layouts":"default","ast-page-background-enabled":"default","ast-page-background-meta":{"desktop":{"background-color":"var(--ast-global-color-4)","background-image":"","background-repeat":"repeat","background-position":"center center","background-size":"auto","background-attachment":"scroll","background-type":"","background-media":"","overlay-type":"","overlay-color":"","overlay-opacity":"","overlay-gradient":""},"tablet":{"background-color":"","background-image":"","background-repeat":"repeat","background-position":"center center","background-size":"auto","background-attachment":"scroll","background-type":"","background-media":"","overlay-type":"","overlay-color":"","overlay-opacity":"","overlay-gradient":""},"mobile":{"background-color":"","background-image":"","background-repeat":"repeat","background-position":"center center","background-size":"auto","background-attachment":"scroll","background-type":"","background-media":"","overlay-type":"","overlay-color":"","overlay-opacity":"","overlay-gradient":""}},"ast-content-background-meta":{"desktop":{"background-color":"var(--ast-global-color-5)","background-image":"","background-repeat":"repeat","background-position":"center center","background-size":"auto","background-attachment":"scroll","background-type":"","background-media":"","overlay-type":"","overlay-color":"","overlay-opacity":"","overlay-gradient":""},"tablet":{"background-color":"var(--ast-global-color-5)","background-image":"","background-repeat":"repeat","background-position":"center center","background-size":"auto","background-attachment":"scroll","background-type":"","background-media":"","overlay-type":"","overlay-color":"","overlay-opacity":"","overlay-gradient":""},"mobile":{"background-color":"var(--ast-global-color-5)","background-image":"","background-repeat":"repeat","background-position":"center center","background-size":"auto","background-attachment":"scroll","background-type":"","background-media":"","overlay-type":"","overlay-color":"","overlay-opacity":"","overlay-gradient":""}},"footnotes":""},"class_list":["post-7","page","type-page","status-publish","hentry"],"_links":{"self":[{"href":"https:\/\/www.jcomedia.es\/index.php?rest_route=\/wp\/v2\/pages\/7","targetHints":{"allow":["GET"]}}],"collection":[{"href":"https:\/\/www.jcomedia.es\/index.php?rest_route=\/wp\/v2\/pages"}],"about":[{"href":"https:\/\/www.jcomedia.es\/index.php?rest_route=\/wp\/v2\/types\/page"}],"author":[{"embeddable":true,"href":"https:\/\/www.jcomedia.es\/index.php?rest_route=\/wp\/v2\/users\/1"}],"replies":[{"embeddable":true,"href":"https:\/\/www.jcomedia.es\/index.php?rest_route=%2Fwp%2Fv2%2Fcomments&post=7"}],"version-history":[{"count":35,"href":"https:\/\/www.jcomedia.es\/index.php?rest_route=\/wp\/v2\/pages\/7\/revisions"}],"predecessor-version":[{"id":108,"href":"https:\/\/www.jcomedia.es\/index.php?rest_route=\/wp\/v2\/pages\/7\/revisions\/108"}],"wp:attachment":[{"href":"https:\/\/www.jcomedia.es\/index.php?rest_route=%2Fwp%2Fv2%2Fmedia&parent=7"}],"curies":[{"name":"wp","href":"https:\/\/api.w.org\/{rel}","templated":true}]}}